{"id":146,"date":"2020-12-22T11:22:20","date_gmt":"2020-12-22T10:22:20","guid":{"rendered":"http:\/\/princewagram.fr\/contact-reservations\/"},"modified":"2021-05-19T10:58:35","modified_gmt":"2021-05-19T08:58:35","slug":"contact-reservations","status":"publish","type":"page","link":"https:\/\/princewagram.fr\/en\/contact-reservations\/","title":{"rendered":"Contact &#038; R\u00e9servations"},"content":{"rendered":"\n<div class=\"wpcf7 no-js\" id=\"wpcf7-f121-o1\" lang=\"fr-FR\" dir=\"ltr\" data-wpcf7-id=\"121\">\n<div class=\"screen-reader-response\"><p role=\"status\" aria-live=\"polite\" aria-atomic=\"true\"><\/p> <ul><\/ul><\/div>\n<form action=\"\/en\/wp-json\/wp\/v2\/pages\/146#wpcf7-f121-o1\" method=\"post\" class=\"wpcf7-form init\" aria-label=\"Contact form\" novalidate=\"novalidate\" data-status=\"init\">\n<fieldset class=\"hidden-fields-container\"><input type=\"hidden\" name=\"_wpcf7\" value=\"121\" \/><input type=\"hidden\" name=\"_wpcf7_version\" value=\"6.1.3\" \/><input type=\"hidden\" name=\"_wpcf7_locale\" value=\"fr_FR\" \/><input type=\"hidden\" name=\"_wpcf7_unit_tag\" value=\"wpcf7-f121-o1\" \/><input type=\"hidden\" name=\"_wpcf7_container_post\" value=\"0\" \/><input type=\"hidden\" name=\"_wpcf7_posted_data_hash\" value=\"\" \/><input type=\"hidden\" name=\"_wpcf7_recaptcha_response\" value=\"\" \/>\n<\/fieldset>\n<div class=\"col2 sep\">\n\t<h3>FORMULAIRE DE DEMANDE DE PRIVATISATION ET GROUPES\n\t<\/h3>\n\t<p class=\"form_subtitle\">PAS DE RESERVATION INDIVIDUELLE VIA LE SITE, UNIQUEMENT PAR TELEPHONE au 01 40 53 01 48\n\t<\/p>\n\t<p class=\"form_subtitle\">no booking on this website, please call at the restaurant\n\t<\/p>\n\t<p class=\"other_col\"><br \/>\n<span class=\"wpcf7-form-control-wrap\" data-name=\"presta\"><span class=\"wpcf7-form-control wpcf7-radio\"><span class=\"wpcf7-list-item first\"><label><input type=\"radio\" name=\"presta\" value=\"Privatiser\" checked=\"checked\" \/><span class=\"wpcf7-list-item-label\">Privatiser<\/span><\/label><\/span><span class=\"wpcf7-list-item last\"><label><input type=\"radio\" name=\"presta\" value=\"R\u00e9servation de groupe\" \/><span class=\"wpcf7-list-item-label\">R\u00e9servation de groupe<\/span><\/label><\/span><\/span><\/span>\n\t<\/p>\n\t<p>Vous \u00eates *\n\t<\/p>\n\t<p><span class=\"wpcf7-form-control-wrap\" data-name=\"vous_etes\"><select class=\"wpcf7-form-control wpcf7-select wpcf7-validates-as-required\" aria-required=\"true\" aria-invalid=\"false\" name=\"vous_etes\"><option value=\"Une entreprise\">Une entreprise<\/option><option value=\"Un particulier\">Un particulier<\/option><\/select><\/span>\n\t<\/p>\n\t<p>Types d'\u00e9v\u00e8nements *\n\t<\/p>\n\t<p><span class=\"wpcf7-form-control-wrap\" data-name=\"type\"><select class=\"wpcf7-form-control wpcf7-select wpcf7-validates-as-required\" aria-required=\"true\" aria-invalid=\"false\" name=\"type\"><option value=\"Affaires\">Affaires<\/option><option value=\"S\u00e9minaire\">S\u00e9minaire<\/option><option value=\"\u00c9v\u00e8nement sur-mesure\">\u00c9v\u00e8nement sur-mesure<\/option><option value=\"Mariage\">Mariage<\/option><option value=\"Autres\">Autres<\/option><\/select><\/span>\n\t<\/p>\n\t<p>Votre pr\u00e9nom *\n\t<\/p>\n\t<p><span class=\"wpcf7-form-control-wrap\" data-name=\"prenom\"><input size=\"40\" maxlength=\"400\" class=\"wpcf7-form-control wpcf7-text wpcf7-validates-as-required\" aria-required=\"true\" aria-invalid=\"false\" value=\"\" type=\"text\" name=\"prenom\" \/><\/span>\n\t<\/p>\n\t<p>Votre nom *\n\t<\/p>\n\t<p><span class=\"wpcf7-form-control-wrap\" data-name=\"nom\"><input size=\"40\" maxlength=\"400\" class=\"wpcf7-form-control wpcf7-text wpcf7-validates-as-required\" aria-required=\"true\" aria-invalid=\"false\" value=\"\" type=\"text\" name=\"nom\" \/><\/span>\n\t<\/p>\n\t<p>Votre email *\n\t<\/p>\n\t<p><span class=\"wpcf7-form-control-wrap\" data-name=\"your-email\"><input size=\"40\" maxlength=\"400\" class=\"wpcf7-form-control wpcf7-email wpcf7-validates-as-required wpcf7-text wpcf7-validates-as-email\" aria-required=\"true\" aria-invalid=\"false\" value=\"\" type=\"email\" name=\"your-email\" \/><\/span>\n\t<\/p>\n\t<p>Nombre de personnes * (Minimum de 6 personnes)\n\t<\/p>\n\t<p><span class=\"wpcf7-form-control-wrap\" data-name=\"nb_personnes\"><select class=\"wpcf7-form-control wpcf7-select wpcf7-validates-as-required\" aria-required=\"true\" aria-invalid=\"false\" name=\"nb_personnes\"><option value=\"10\">10<\/option><option value=\"11\">11<\/option><option value=\"12\">12<\/option><option value=\"13\">13<\/option><option value=\"14\">14<\/option><option value=\"15\">15<\/option><option value=\"16\">16<\/option><option value=\"17\">17<\/option><option value=\"18\">18<\/option><option value=\"19\">19<\/option><option value=\"20\">20<\/option><option value=\"21\">21<\/option><option value=\"22\">22<\/option><option value=\"23\">23<\/option><option value=\"24\">24<\/option><option value=\"25\">25<\/option><option value=\"26\">26<\/option><option value=\"27\">27<\/option><option value=\"28\">28<\/option><option value=\"29\">29<\/option><option value=\"30\">30<\/option><option value=\"31\">31<\/option><option value=\"32\">32<\/option><option value=\"33\">33<\/option><option value=\"34\">34<\/option><option value=\"35\">35<\/option><option value=\"36\">36<\/option><option value=\"37\">37<\/option><option value=\"38\">38<\/option><option value=\"39\">39<\/option><option value=\"40\">40<\/option><option value=\"41\">41<\/option><option value=\"42\">42<\/option><option value=\"43\">43<\/option><option value=\"44\">44<\/option><option value=\"45\">45<\/option><option value=\"46\">46<\/option><option value=\"47\">47<\/option><option value=\"48\">48<\/option><option value=\"49\">49<\/option><option value=\"50\">50<\/option><option value=\"autres\">autres<\/option><\/select><\/span>\n\t<\/p>\n\t<p><span class=\"wpcf7-form-control-wrap\" data-name=\"nb_personnes_autre\"><input size=\"40\" maxlength=\"400\" class=\"wpcf7-form-control wpcf7-text\" aria-invalid=\"false\" placeholder=\"Autres :\" value=\"\" type=\"text\" name=\"nb_personnes_autre\" \/><\/span>\n\t<\/p>\n\t<p>Votre budget par personne *\n\t<\/p>\n\t<p><span class=\"wpcf7-form-control-wrap\" data-name=\"budget\"><input size=\"40\" maxlength=\"400\" class=\"wpcf7-form-control wpcf7-text wpcf7-validates-as-required\" aria-required=\"true\" aria-invalid=\"false\" placeholder=\"Tapez votre budget par personne\" value=\"\" type=\"text\" name=\"budget\" \/><\/span>\n\t<\/p>\n\t<p class=\"other_col\">P\u00e9riode *\n\t<\/p>\n\t<p><span class=\"wpcf7-form-control-wrap\" data-name=\"periode\"><span class=\"wpcf7-form-control wpcf7-radio\"><span class=\"wpcf7-list-item first\"><label><input type=\"radio\" name=\"periode\" value=\"Le matin\" \/><span class=\"wpcf7-list-item-label\">Le matin<\/span><\/label><\/span><span class=\"wpcf7-list-item\"><label><input type=\"radio\" name=\"periode\" value=\"Le midi\" \/><span class=\"wpcf7-list-item-label\">Le midi<\/span><\/label><\/span><span class=\"wpcf7-list-item last\"><label><input type=\"radio\" name=\"periode\" value=\"Le soir\" \/><span class=\"wpcf7-list-item-label\">Le soir<\/span><\/label><\/span><\/span><\/span>\n\t<\/p>\n\t<p><span class=\"wpcf7-form-control-wrap\" data-name=\"menu_le_matin\"><select class=\"wpcf7-form-control wpcf7-select\" id=\"menu_le_matin\" aria-invalid=\"false\" name=\"menu_le_matin\"><option value=\"Petit-d\u00e9jeuner\">Petit-d\u00e9jeuner<\/option><option value=\"Brunch\">Brunch<\/option><\/select><\/span><span class=\"wpcf7-form-control-wrap\" data-name=\"menu_le_midi\"><select class=\"wpcf7-form-control wpcf7-select\" id=\"menu_le_midi\" aria-invalid=\"false\" name=\"menu_le_midi\"><option value=\"Brunch\">Brunch<\/option><option value=\"Grignotages \u00e0 partager\">Grignotages \u00e0 partager<\/option><option value=\"Menu complet\">Menu complet<\/option><\/select><\/span><span class=\"wpcf7-form-control-wrap\" data-name=\"menu_le_soir\"><select class=\"wpcf7-form-control wpcf7-select\" id=\"menu_le_soir\" aria-invalid=\"false\" name=\"menu_le_soir\"><option value=\"Soir\u00e9e Bar Grignotages\">Soir\u00e9e Bar Grignotages<\/option><option value=\"Cocktail d\u00eenatoire\">Cocktail d\u00eenatoire<\/option><option value=\"Menu complet\">Menu complet<\/option><\/select><\/span>\n\t<\/p>\n\t<p>Date *\n\t<\/p>\n\t<p><span class=\"wpcf7-form-control-wrap\" data-name=\"date\"><input class=\"wpcf7-form-control wpcf7-date wpcf7-validates-as-required wpcf7-validates-as-date\" aria-required=\"true\" aria-invalid=\"false\" value=\"\" type=\"date\" name=\"date\" \/><\/span>\n\t<\/p>\n\t<p><br \/>\n<span class=\"wpcf7-form-control-wrap\" data-name=\"flexible\"><span class=\"wpcf7-form-control wpcf7-radio\"><span class=\"wpcf7-list-item first\"><label><input type=\"radio\" name=\"flexible\" value=\"Flexible\" \/><span class=\"wpcf7-list-item-label\">Flexible<\/span><\/label><\/span><span class=\"wpcf7-list-item last\"><label><input type=\"radio\" name=\"flexible\" value=\"Non flexible\" \/><span class=\"wpcf7-list-item-label\">Non flexible<\/span><\/label><\/span><\/span><\/span>\n\t<\/p>\n\t<p>Remarques\n\t<\/p>\n\t<p><span class=\"wpcf7-form-control-wrap\" data-name=\"remarques\"><textarea cols=\"40\" rows=\"10\" maxlength=\"2000\" class=\"wpcf7-form-control wpcf7-textarea\" aria-invalid=\"false\" name=\"remarques\"><\/textarea><\/span>\n\t<\/p>\n<\/div>\n<div class=\"col2\">\n\t<p>\u00catre contact\u00e9(e) *\n\t<\/p>\n\t<p><span class=\"wpcf7-form-control-wrap\" data-name=\"contact\"><span class=\"wpcf7-form-control wpcf7-radio\"><span class=\"wpcf7-list-item first\"><label><input type=\"radio\" name=\"contact\" value=\"Par mail\" \/><span class=\"wpcf7-list-item-label\">Par mail<\/span><\/label><\/span><span class=\"wpcf7-list-item last\"><label><input type=\"radio\" name=\"contact\" value=\"Par t\u00e9l\u00e9phone\" \/><span class=\"wpcf7-list-item-label\">Par t\u00e9l\u00e9phone<\/span><\/label><\/span><\/span><\/span>\n\t<\/p>\n\t<p><span class=\"wpcf7-form-control-wrap\" data-name=\"email\"><input size=\"40\" maxlength=\"400\" class=\"wpcf7-form-control wpcf7-email wpcf7-text wpcf7-validates-as-email\" id=\"email_privatisation\" aria-invalid=\"false\" placeholder=\"Tapez votre email\" value=\"\" type=\"email\" name=\"email\" \/><\/span><span class=\"wpcf7-form-control-wrap\" data-name=\"telephone\"><input size=\"40\" maxlength=\"400\" class=\"wpcf7-form-control wpcf7-text\" id=\"telephone_privatisation\" aria-invalid=\"false\" placeholder=\"Tapez votre t\u00e9l\u00e9phone\" value=\"\" type=\"text\" name=\"telephone\" \/><\/span>\n\t<\/p>\n\t<p><small>En communiquant vos donn\u00e9es, vous acceptez que celles-ci soient trait\u00e9es par Mon Paris, responsable de traitement, pour traiter votre demande de r\u00e9servation.<\/small>\n\t<\/p>\n\t<p><input class=\"wpcf7-form-control wpcf7-submit has-spinner\" type=\"submit\" value=\"Valider\" \/><br \/>\n\t\n\t<\/p>\n\t<p style=\"text-align:center;margin-bottom:0px;\">Votre mail sera trait\u00e9 dans les plus brefs d\u00e9lais. Merci! * Champs obligatoires\n\t<\/p>\n<\/div><div class=\"wpcf7-response-output\" aria-hidden=\"true\"><\/div>\n<\/form>\n<\/div>\n\n<div class=\"header_contact\">\n<p>DO YOU HAVE A QUESTION OR A COMMENT ? WOULD YOU LIKE TO JOIN OUR TEAM ?<\/p>\n<p><a id=\"contact_form_link\" href=\"#wpcf7-f53-p15-o2\">CONTACT US BY EMAIL<\/a><\/p>\n<\/div>\n\n<div class=\"wpcf7 no-js\" id=\"wpcf7-f119-o2\" lang=\"fr-FR\" dir=\"ltr\" data-wpcf7-id=\"119\">\n<div class=\"screen-reader-response\"><p role=\"status\" aria-live=\"polite\" aria-atomic=\"true\"><\/p> <ul><\/ul><\/div>\n<form action=\"\/en\/wp-json\/wp\/v2\/pages\/146#wpcf7-f119-o2\" method=\"post\" class=\"wpcf7-form init\" aria-label=\"Contact form\" enctype=\"multipart\/form-data\" novalidate=\"novalidate\" data-status=\"init\">\n<fieldset class=\"hidden-fields-container\"><input type=\"hidden\" name=\"_wpcf7\" value=\"119\" \/><input type=\"hidden\" name=\"_wpcf7_version\" value=\"6.1.3\" \/><input type=\"hidden\" name=\"_wpcf7_locale\" value=\"fr_FR\" \/><input type=\"hidden\" name=\"_wpcf7_unit_tag\" value=\"wpcf7-f119-o2\" \/><input type=\"hidden\" name=\"_wpcf7_container_post\" value=\"0\" \/><input type=\"hidden\" name=\"_wpcf7_posted_data_hash\" value=\"\" \/><input type=\"hidden\" name=\"_wpcf7_recaptcha_response\" value=\"\" \/>\n<\/fieldset>\n<p id=\"close_contact\"><a>+<\/a>\n<\/p>\n<div class=\"col2\">\n\t<p>Nom *\n\t<\/p>\n\t<p><span class=\"wpcf7-form-control-wrap\" data-name=\"nom\"><input size=\"40\" maxlength=\"400\" class=\"wpcf7-form-control wpcf7-text wpcf7-validates-as-required\" aria-required=\"true\" aria-invalid=\"false\" placeholder=\"Tapez votre nom\" value=\"\" type=\"text\" name=\"nom\" \/><\/span>\n\t<\/p>\n\t<p>Pr\u00e9nom *\n\t<\/p>\n\t<p><span class=\"wpcf7-form-control-wrap\" data-name=\"prenom\"><input size=\"40\" maxlength=\"400\" class=\"wpcf7-form-control wpcf7-text wpcf7-validates-as-required\" aria-required=\"true\" aria-invalid=\"false\" placeholder=\"Tapez votre pr\u00e9nom\" value=\"\" type=\"text\" name=\"prenom\" \/><\/span>\n\t<\/p>\n\t<p>Mail *\n\t<\/p>\n\t<p><span class=\"wpcf7-form-control-wrap\" data-name=\"your-email\"><input size=\"40\" maxlength=\"400\" class=\"wpcf7-form-control wpcf7-email wpcf7-validates-as-required wpcf7-text wpcf7-validates-as-email\" aria-required=\"true\" aria-invalid=\"false\" placeholder=\"Tapez votre email\" value=\"\" type=\"email\" name=\"your-email\" \/><\/span>\n\t<\/p>\n\t<p>Pi\u00e8ce(s) jointe(s)<br \/>\n<span id=\"field_file\"><span class=\"wpcf7-form-control-wrap\" data-name=\"file-41\"><input size=\"40\" class=\"wpcf7-form-control wpcf7-file\" id=\"InputFile\" accept=\"audio\/*,video\/*,image\/*\" aria-invalid=\"false\" type=\"file\" name=\"file-41\" \/><\/span>Joindre un fichier<\/span><input id=\"uploadFile\" placeholder=\"Choisir un fichier\" disabled=\"disabled\" \/>\n\t<\/p>\n\t<p>&nbsp;\n\t<\/p>\n\t<p>Objet\n\t<\/p>\n\t<p><span class=\"wpcf7-form-control-wrap\" data-name=\"subject\"><select class=\"wpcf7-form-control wpcf7-select wpcf7-validates-as-required\" aria-required=\"true\" aria-invalid=\"false\" name=\"subject\"><option value=\"Recrutement\">Recrutement<\/option><option value=\"Demandes d&#039;informations\">Demandes d&#039;informations<\/option><option value=\"Divers\">Divers<\/option><\/select><\/span>\n\t<\/p>\n\t<p>Message *\n\t<\/p>\n\t<p><span class=\"wpcf7-form-control-wrap\" data-name=\"your-message\"><textarea cols=\"40\" rows=\"10\" maxlength=\"2000\" class=\"wpcf7-form-control wpcf7-textarea\" aria-invalid=\"false\" name=\"your-message\"><\/textarea><\/span>\n\t<\/p>\n\t<p><input class=\"wpcf7-form-control wpcf7-submit has-spinner\" type=\"submit\" value=\"Envoyer\" \/><br \/>\n\t\n\t<\/p>\n\t<p  style=\"text-align:center;\">Votre demande sera trait\u00e9e dans les plus brefs d\u00e9lais. Merci! * Champs obligatoires\n\t<\/p>\n<\/div><div class=\"wpcf7-response-output\" aria-hidden=\"true\"><\/div>\n<\/form>\n<\/div>\n\n","protected":false},"excerpt":{"rendered":"DO YOU HAVE A QUESTION OR A COMMENT ? WOULD YOU LIKE TO JOIN OUR TEAM ? CONTACT US BY EMAIL","protected":false},"author":1,"featured_media":0,"parent":0,"menu_order":0,"comment_status":"closed","ping_status":"closed","template":"contacts.php","meta":{"_acf_changed":false,"footnotes":""},"class_list":["post-146","page","type-page","status-publish","hentry"],"acf":[],"yoast_head":"<!-- This site is optimized with the Yoast SEO plugin v26.3 - https:\/\/yoast.com\/wordpress\/plugins\/seo\/ -->\n<title>Contact &amp; R\u00e9servations - Prince Wagram<\/title>\n<meta name=\"robots\" content=\"index, follow, max-snippet:-1, max-image-preview:large, max-video-preview:-1\" \/>\n<link rel=\"canonical\" href=\"https:\/\/princewagram.fr\/en\/contact-reservations\/\" \/>\n<meta property=\"og:locale\" content=\"en_US\" \/>\n<meta property=\"og:type\" content=\"article\" \/>\n<meta property=\"og:title\" content=\"Contact &amp; R\u00e9servations - Prince Wagram\" \/>\n<meta property=\"og:description\" content=\"DO YOU HAVE A QUESTION OR A COMMENT ? WOULD YOU LIKE TO JOIN OUR TEAM ? CONTACT US BY EMAIL\" \/>\n<meta property=\"og:url\" content=\"https:\/\/princewagram.fr\/en\/contact-reservations\/\" \/>\n<meta property=\"og:site_name\" content=\"Prince Wagram\" \/>\n<meta property=\"article:publisher\" content=\"http:\/\/www.facebook.com\/princewagramresto\" \/>\n<meta property=\"article:modified_time\" content=\"2021-05-19T08:58:35+00:00\" \/>\n<meta name=\"twitter:card\" content=\"summary_large_image\" \/>\n<script type=\"application\/ld+json\" class=\"yoast-schema-graph\">{\"@context\":\"https:\/\/schema.org\",\"@graph\":[{\"@type\":\"WebPage\",\"@id\":\"https:\/\/princewagram.fr\/en\/contact-reservations\/\",\"url\":\"https:\/\/princewagram.fr\/en\/contact-reservations\/\",\"name\":\"Contact & R\u00e9servations - Prince Wagram\",\"isPartOf\":{\"@id\":\"https:\/\/princewagram.fr\/en\/#website\"},\"datePublished\":\"2020-12-22T10:22:20+00:00\",\"dateModified\":\"2021-05-19T08:58:35+00:00\",\"breadcrumb\":{\"@id\":\"https:\/\/princewagram.fr\/en\/contact-reservations\/#breadcrumb\"},\"inLanguage\":\"en-US\",\"potentialAction\":[{\"@type\":\"ReadAction\",\"target\":[\"https:\/\/princewagram.fr\/en\/contact-reservations\/\"]}]},{\"@type\":\"BreadcrumbList\",\"@id\":\"https:\/\/princewagram.fr\/en\/contact-reservations\/#breadcrumb\",\"itemListElement\":[{\"@type\":\"ListItem\",\"position\":1,\"name\":\"Accueil\",\"item\":\"https:\/\/princewagram.fr\/en\/\"},{\"@type\":\"ListItem\",\"position\":2,\"name\":\"Contact &#038; R\u00e9servations\"}]},{\"@type\":\"WebSite\",\"@id\":\"https:\/\/princewagram.fr\/en\/#website\",\"url\":\"https:\/\/princewagram.fr\/en\/\",\"name\":\"Prince Wagram\",\"description\":\"Un site utilisant WordPress\",\"potentialAction\":[{\"@type\":\"SearchAction\",\"target\":{\"@type\":\"EntryPoint\",\"urlTemplate\":\"https:\/\/princewagram.fr\/en\/?s={search_term_string}\"},\"query-input\":{\"@type\":\"PropertyValueSpecification\",\"valueRequired\":true,\"valueName\":\"search_term_string\"}}],\"inLanguage\":\"en-US\"}]}<\/script>\n<!-- \/ Yoast SEO plugin. -->","yoast_head_json":{"title":"Contact & R\u00e9servations - Prince Wagram","robots":{"index":"index","follow":"follow","max-snippet":"max-snippet:-1","max-image-preview":"max-image-preview:large","max-video-preview":"max-video-preview:-1"},"canonical":"https:\/\/princewagram.fr\/en\/contact-reservations\/","og_locale":"en_US","og_type":"article","og_title":"Contact & R\u00e9servations - Prince Wagram","og_description":"DO YOU HAVE A QUESTION OR A COMMENT ? WOULD YOU LIKE TO JOIN OUR TEAM ? CONTACT US BY EMAIL","og_url":"https:\/\/princewagram.fr\/en\/contact-reservations\/","og_site_name":"Prince Wagram","article_publisher":"http:\/\/www.facebook.com\/princewagramresto","article_modified_time":"2021-05-19T08:58:35+00:00","twitter_card":"summary_large_image","schema":{"@context":"https:\/\/schema.org","@graph":[{"@type":"WebPage","@id":"https:\/\/princewagram.fr\/en\/contact-reservations\/","url":"https:\/\/princewagram.fr\/en\/contact-reservations\/","name":"Contact & R\u00e9servations - Prince Wagram","isPartOf":{"@id":"https:\/\/princewagram.fr\/en\/#website"},"datePublished":"2020-12-22T10:22:20+00:00","dateModified":"2021-05-19T08:58:35+00:00","breadcrumb":{"@id":"https:\/\/princewagram.fr\/en\/contact-reservations\/#breadcrumb"},"inLanguage":"en-US","potentialAction":[{"@type":"ReadAction","target":["https:\/\/princewagram.fr\/en\/contact-reservations\/"]}]},{"@type":"BreadcrumbList","@id":"https:\/\/princewagram.fr\/en\/contact-reservations\/#breadcrumb","itemListElement":[{"@type":"ListItem","position":1,"name":"Accueil","item":"https:\/\/princewagram.fr\/en\/"},{"@type":"ListItem","position":2,"name":"Contact &#038; R\u00e9servations"}]},{"@type":"WebSite","@id":"https:\/\/princewagram.fr\/en\/#website","url":"https:\/\/princewagram.fr\/en\/","name":"Prince Wagram","description":"Un site utilisant WordPress","potentialAction":[{"@type":"SearchAction","target":{"@type":"EntryPoint","urlTemplate":"https:\/\/princewagram.fr\/en\/?s={search_term_string}"},"query-input":{"@type":"PropertyValueSpecification","valueRequired":true,"valueName":"search_term_string"}}],"inLanguage":"en-US"}]}},"_links":{"self":[{"href":"https:\/\/princewagram.fr\/en\/wp-json\/wp\/v2\/pages\/146","targetHints":{"allow":["GET"]}}],"collection":[{"href":"https:\/\/princewagram.fr\/en\/wp-json\/wp\/v2\/pages"}],"about":[{"href":"https:\/\/princewagram.fr\/en\/wp-json\/wp\/v2\/types\/page"}],"author":[{"embeddable":true,"href":"https:\/\/princewagram.fr\/en\/wp-json\/wp\/v2\/users\/1"}],"replies":[{"embeddable":true,"href":"https:\/\/princewagram.fr\/en\/wp-json\/wp\/v2\/comments?post=146"}],"version-history":[{"count":0,"href":"https:\/\/princewagram.fr\/en\/wp-json\/wp\/v2\/pages\/146\/revisions"}],"wp:attachment":[{"href":"https:\/\/princewagram.fr\/en\/wp-json\/wp\/v2\/media?parent=146"}],"curies":[{"name":"wp","href":"https:\/\/api.w.org\/{rel}","templated":true}]}}