{"id":140,"date":"2020-12-22T11:29:23","date_gmt":"2020-12-22T10:29:23","guid":{"rendered":"http:\/\/princewagram.fr\/mentions-legales\/"},"modified":"2020-12-22T11:29:23","modified_gmt":"2020-12-22T10:29:23","slug":"mentions-legales","status":"publish","type":"page","link":"https:\/\/princewagram.fr\/en\/mentions-legales\/","title":{"rendered":"Mentions l\u00e9gales"},"content":{"rendered":"<p>Le pr\u00e9sent site est la propri\u00e9t\u00e9 de la soci\u00e9t\u00e9 SARL RESTAURATION EDOUARD VII<br \/>\nSon si\u00e8ge est situ\u00e9 au 6 rue Edouard VII 75009 PARIS<br \/>\nT\u00e9l\u00e9phone : +33(0)1\u00a042 94 86 03<br \/>\nSiret: 809 757 693 00019<\/p>\n<h3>Conception du site<\/h3>\n<p>R2 \u2013 Agence Digitale<br \/>\n19 rue de S\u00e8vres \u2013 75006 Paris<br \/>\nT\u00e9l\u00e9phone : 01 44 39 02 11<br \/>\nRCS Paris B 452 313 927<br \/>\nSIRET : 45231392700017<\/p>\n<blockquote class=\"wp-embedded-content\" data-secret=\"jdMHiQCJKS\"><p><a href=\"https:\/\/www.r2.fr\/\">Home<\/a><\/p><\/blockquote>\n<p><iframe loading=\"lazy\" class=\"wp-embedded-content\" sandbox=\"allow-scripts\" security=\"restricted\" style=\"position: absolute; clip: rect(1px, 1px, 1px, 1px);\" title=\"\u00ab\u00a0Home\u00a0\u00bb &#8212; R2 Agence Digitale\" src=\"https:\/\/www.r2.fr\/embed\/#?secret=jdMHiQCJKS\" data-secret=\"jdMHiQCJKS\" width=\"600\" height=\"338\" frameborder=\"0\" marginwidth=\"0\" marginheight=\"0\" scrolling=\"no\"><\/iframe><\/p>\n<h3>Cr\u00e9dit photos<\/h3>\n<p>R2 \u2013 Agence Digitale<br \/>\nCopyright : Charles Josset<\/p>\n<blockquote class=\"wp-embedded-content\" data-secret=\"jdMHiQCJKS\"><p><a href=\"https:\/\/www.r2.fr\/\">Home<\/a><\/p><\/blockquote>\n<p><iframe loading=\"lazy\" class=\"wp-embedded-content\" sandbox=\"allow-scripts\" security=\"restricted\" style=\"position: absolute; clip: rect(1px, 1px, 1px, 1px);\" title=\"\u00ab\u00a0Home\u00a0\u00bb &#8212; R2 Agence Digitale\" src=\"https:\/\/www.r2.fr\/embed\/#?secret=jdMHiQCJKS\" data-secret=\"jdMHiQCJKS\" width=\"600\" height=\"338\" frameborder=\"0\" marginwidth=\"0\" marginheight=\"0\" scrolling=\"no\"><\/iframe><\/p>\n<h3>Cr\u00e9dit vid\u00e9o<\/h3>\n<p>R2 \u2013 Agence Digitale<br \/>\nR\u00e9alisation : Victor Rault<\/p>\n<blockquote class=\"wp-embedded-content\" data-secret=\"jdMHiQCJKS\"><p><a href=\"https:\/\/www.r2.fr\/\">Home<\/a><\/p><\/blockquote>\n<p><iframe loading=\"lazy\" class=\"wp-embedded-content\" sandbox=\"allow-scripts\" security=\"restricted\" style=\"position: absolute; clip: rect(1px, 1px, 1px, 1px);\" title=\"\u00ab\u00a0Home\u00a0\u00bb &#8212; R2 Agence Digitale\" src=\"https:\/\/www.r2.fr\/embed\/#?secret=jdMHiQCJKS\" data-secret=\"jdMHiQCJKS\" width=\"600\" height=\"338\" frameborder=\"0\" marginwidth=\"0\" marginheight=\"0\" scrolling=\"no\"><\/iframe><\/p>\n<h3>H\u00e9bergement<\/h3>\n<p>OVH<br \/>\nRCS Roubaix \u2013 Tourcoing 424 761 419 00045<br \/>\nCode APE 6202A<br \/>\nN\u00b0 TVA : FR 22 424 761 419<br \/>\nSi\u00e8ge social : 2 rue Kellermann \u2013 59100 Roubaix \u2013 France.<\/p>\n<h3>Droits d\u2019auteurs<\/h3>\n<p>Quand vous naviguez sur le site, il vous appartient de respecter l\u2019ensemble des r\u00e9glementations applicables suivantes, et notamment :<br \/>\n&#8211; les r\u00e8gles en mati\u00e8re de droit d\u2019auteurs et de propri\u00e9t\u00e9 intellectuelle : les informations, l\u2019organisation, les \u00e9l\u00e9ments graphiques, et les \u00e9l\u00e9ments sonores du site sont prot\u00e9g\u00e9s par le Code fran\u00e7ais de la propri\u00e9t\u00e9 intellectuelle ;<br \/>\n&#8211; les personnes figurant sur les photographies sont des mod\u00e8les et leur image n\u2019est utilis\u00e9e qu\u2019\u00e0 des fins d\u2019illustration.<\/p>\n","protected":false},"excerpt":{"rendered":"Le pr\u00e9sent site est la propri\u00e9t\u00e9 de la soci\u00e9t\u00e9 SARL RESTAURATION EDOUARD VII Son si\u00e8ge est situ\u00e9 au 6 rue Edouard VII 75009 PARIS T\u00e9l\u00e9phone : +33(0)1\u00a042 94 86 03 Siret: 809 757 693 00019 Conception du site R2 \u2013 Agence Digitale 19 rue de S\u00e8vres \u2013 75006 Paris T\u00e9l\u00e9phone : 01 44 39 02&#8230; <a class=\"view-article\" href=\"https:\/\/princewagram.fr\/en\/mentions-legales\/\">View Article<\/a>","protected":false},"author":1,"featured_media":0,"parent":0,"menu_order":0,"comment_status":"closed","ping_status":"closed","template":"","meta":{"_acf_changed":false,"footnotes":""},"class_list":["post-140","page","type-page","status-publish","hentry"],"acf":[],"yoast_head":"<!-- This site is optimized with the Yoast SEO plugin v26.3 - https:\/\/yoast.com\/wordpress\/plugins\/seo\/ -->\n<title>Mentions l\u00e9gales - Prince Wagram<\/title>\n<meta name=\"robots\" content=\"index, follow, max-snippet:-1, max-image-preview:large, max-video-preview:-1\" \/>\n<link rel=\"canonical\" href=\"https:\/\/princewagram.fr\/en\/mentions-legales\/\" \/>\n<meta property=\"og:locale\" content=\"en_US\" \/>\n<meta property=\"og:type\" content=\"article\" \/>\n<meta property=\"og:title\" content=\"Mentions l\u00e9gales - Prince Wagram\" \/>\n<meta property=\"og:description\" content=\"Le pr\u00e9sent site est la propri\u00e9t\u00e9 de la soci\u00e9t\u00e9 SARL RESTAURATION EDOUARD VII Son si\u00e8ge est situ\u00e9 au 6 rue Edouard VII 75009 PARIS T\u00e9l\u00e9phone : +33(0)1\u00a042 94 86 03 Siret: 809 757 693 00019 Conception du site R2 \u2013 Agence Digitale 19 rue de S\u00e8vres \u2013 75006 Paris T\u00e9l\u00e9phone : 01 44 39 02... View Article\" \/>\n<meta property=\"og:url\" content=\"https:\/\/princewagram.fr\/en\/mentions-legales\/\" \/>\n<meta property=\"og:site_name\" content=\"Prince Wagram\" \/>\n<meta property=\"article:publisher\" content=\"http:\/\/www.facebook.com\/princewagramresto\" \/>\n<meta name=\"twitter:card\" content=\"summary_large_image\" \/>\n<meta name=\"twitter:label1\" content=\"Est. reading time\" \/>\n\t<meta name=\"twitter:data1\" content=\"1 minute\" \/>\n<script type=\"application\/ld+json\" class=\"yoast-schema-graph\">{\"@context\":\"https:\/\/schema.org\",\"@graph\":[{\"@type\":\"WebPage\",\"@id\":\"https:\/\/princewagram.fr\/en\/mentions-legales\/\",\"url\":\"https:\/\/princewagram.fr\/en\/mentions-legales\/\",\"name\":\"Mentions l\u00e9gales - Prince Wagram\",\"isPartOf\":{\"@id\":\"https:\/\/princewagram.fr\/en\/#website\"},\"datePublished\":\"2020-12-22T10:29:23+00:00\",\"breadcrumb\":{\"@id\":\"https:\/\/princewagram.fr\/en\/mentions-legales\/#breadcrumb\"},\"inLanguage\":\"en-US\",\"potentialAction\":[{\"@type\":\"ReadAction\",\"target\":[\"https:\/\/princewagram.fr\/en\/mentions-legales\/\"]}]},{\"@type\":\"BreadcrumbList\",\"@id\":\"https:\/\/princewagram.fr\/en\/mentions-legales\/#breadcrumb\",\"itemListElement\":[{\"@type\":\"ListItem\",\"position\":1,\"name\":\"Accueil\",\"item\":\"https:\/\/princewagram.fr\/en\/\"},{\"@type\":\"ListItem\",\"position\":2,\"name\":\"Mentions l\u00e9gales\"}]},{\"@type\":\"WebSite\",\"@id\":\"https:\/\/princewagram.fr\/en\/#website\",\"url\":\"https:\/\/princewagram.fr\/en\/\",\"name\":\"Prince Wagram\",\"description\":\"Un site utilisant WordPress\",\"potentialAction\":[{\"@type\":\"SearchAction\",\"target\":{\"@type\":\"EntryPoint\",\"urlTemplate\":\"https:\/\/princewagram.fr\/en\/?s={search_term_string}\"},\"query-input\":{\"@type\":\"PropertyValueSpecification\",\"valueRequired\":true,\"valueName\":\"search_term_string\"}}],\"inLanguage\":\"en-US\"}]}<\/script>\n<!-- \/ Yoast SEO plugin. -->","yoast_head_json":{"title":"Mentions l\u00e9gales - Prince Wagram","robots":{"index":"index","follow":"follow","max-snippet":"max-snippet:-1","max-image-preview":"max-image-preview:large","max-video-preview":"max-video-preview:-1"},"canonical":"https:\/\/princewagram.fr\/en\/mentions-legales\/","og_locale":"en_US","og_type":"article","og_title":"Mentions l\u00e9gales - Prince Wagram","og_description":"Le pr\u00e9sent site est la propri\u00e9t\u00e9 de la soci\u00e9t\u00e9 SARL RESTAURATION EDOUARD VII Son si\u00e8ge est situ\u00e9 au 6 rue Edouard VII 75009 PARIS T\u00e9l\u00e9phone : +33(0)1\u00a042 94 86 03 Siret: 809 757 693 00019 Conception du site R2 \u2013 Agence Digitale 19 rue de S\u00e8vres \u2013 75006 Paris T\u00e9l\u00e9phone : 01 44 39 02... View Article","og_url":"https:\/\/princewagram.fr\/en\/mentions-legales\/","og_site_name":"Prince Wagram","article_publisher":"http:\/\/www.facebook.com\/princewagramresto","twitter_card":"summary_large_image","twitter_misc":{"Est. reading time":"1 minute"},"schema":{"@context":"https:\/\/schema.org","@graph":[{"@type":"WebPage","@id":"https:\/\/princewagram.fr\/en\/mentions-legales\/","url":"https:\/\/princewagram.fr\/en\/mentions-legales\/","name":"Mentions l\u00e9gales - Prince Wagram","isPartOf":{"@id":"https:\/\/princewagram.fr\/en\/#website"},"datePublished":"2020-12-22T10:29:23+00:00","breadcrumb":{"@id":"https:\/\/princewagram.fr\/en\/mentions-legales\/#breadcrumb"},"inLanguage":"en-US","potentialAction":[{"@type":"ReadAction","target":["https:\/\/princewagram.fr\/en\/mentions-legales\/"]}]},{"@type":"BreadcrumbList","@id":"https:\/\/princewagram.fr\/en\/mentions-legales\/#breadcrumb","itemListElement":[{"@type":"ListItem","position":1,"name":"Accueil","item":"https:\/\/princewagram.fr\/en\/"},{"@type":"ListItem","position":2,"name":"Mentions l\u00e9gales"}]},{"@type":"WebSite","@id":"https:\/\/princewagram.fr\/en\/#website","url":"https:\/\/princewagram.fr\/en\/","name":"Prince Wagram","description":"Un site utilisant WordPress","potentialAction":[{"@type":"SearchAction","target":{"@type":"EntryPoint","urlTemplate":"https:\/\/princewagram.fr\/en\/?s={search_term_string}"},"query-input":{"@type":"PropertyValueSpecification","valueRequired":true,"valueName":"search_term_string"}}],"inLanguage":"en-US"}]}},"_links":{"self":[{"href":"https:\/\/princewagram.fr\/en\/wp-json\/wp\/v2\/pages\/140","targetHints":{"allow":["GET"]}}],"collection":[{"href":"https:\/\/princewagram.fr\/en\/wp-json\/wp\/v2\/pages"}],"about":[{"href":"https:\/\/princewagram.fr\/en\/wp-json\/wp\/v2\/types\/page"}],"author":[{"embeddable":true,"href":"https:\/\/princewagram.fr\/en\/wp-json\/wp\/v2\/users\/1"}],"replies":[{"embeddable":true,"href":"https:\/\/princewagram.fr\/en\/wp-json\/wp\/v2\/comments?post=140"}],"version-history":[{"count":0,"href":"https:\/\/princewagram.fr\/en\/wp-json\/wp\/v2\/pages\/140\/revisions"}],"wp:attachment":[{"href":"https:\/\/princewagram.fr\/en\/wp-json\/wp\/v2\/media?parent=140"}],"curies":[{"name":"wp","href":"https:\/\/api.w.org\/{rel}","templated":true}]}}